{"id":7547,"date":"2026-03-10T11:02:25","date_gmt":"2026-03-10T11:02:25","guid":{"rendered":"https:\/\/institutoibt.com\/sevilla\/?post_type=product&#038;p=7547"},"modified":"2026-03-23T14:42:29","modified_gmt":"2026-03-23T14:42:29","slug":"bootcamp-de-asesor-financiero-certificacion-oficial","status":"publish","type":"product","link":"https:\/\/institutoibt.com\/sevilla\/producto\/bootcamp-de-asesor-financiero-certificacion-oficial\/","title":{"rendered":"BOOTCAMP DE ASESOR FINANCIERO + CERTIFICACI\u00d3N OFICIAL"},"content":{"rendered":"<p>Qu\u00e9 incluye:<\/p>\n<ul>\n<li>T\u00edtulo Universitario UCAM: Curso Superior Universitario de Asesor Financiero + Certificaci\u00f3n oficial<\/li>\n<\/ul>\n","protected":false},"excerpt":{"rendered":"<p>Qu\u00e9 incluye: T\u00edtulo Universitario UCAM: Curso Superior Universitario de Asesor Financiero + Certificaci\u00f3n oficial<\/p>\n","protected":false},"featured_media":7611,"comment_status":"closed","ping_status":"closed","template":"","meta":{"_joinchat":[]},"product_brand":[],"product_cat":[47],"product_tag":[],"class_list":{"0":"post-7547","1":"product","2":"type-product","3":"status-publish","4":"has-post-thumbnail","6":"product_cat-producto-2026","8":"first","9":"instock","10":"shipping-taxable","11":"purchasable","12":"product-type-simple"},"yoast_head":"<!-- This site is optimized with the Yoast SEO plugin v27.3 - https:\/\/yoast.com\/product\/yoast-seo-wordpress\/ -->\n<title>BOOTCAMP DE ASESOR FINANCIERO + CERTIFICACI\u00d3N OFICIAL - Instituto IBT Sevilla<\/title>\n<meta name=\"robots\" content=\"index, follow, max-snippet:-1, max-image-preview:large, max-video-preview:-1\" \/>\n<link rel=\"canonical\" href=\"https:\/\/institutoibt.com\/sevilla\/producto\/bootcamp-de-asesor-financiero-certificacion-oficial\/\" \/>\n<meta property=\"og:locale\" content=\"es_ES\" \/>\n<meta property=\"og:type\" content=\"article\" \/>\n<meta property=\"og:title\" content=\"BOOTCAMP DE ASESOR FINANCIERO + CERTIFICACI\u00d3N OFICIAL - Instituto IBT Sevilla\" \/>\n<meta property=\"og:description\" content=\"Qu\u00e9 incluye: T\u00edtulo Universitario UCAM: Curso Superior Universitario de Asesor Financiero + Certificaci\u00f3n oficial\" \/>\n<meta property=\"og:url\" content=\"https:\/\/institutoibt.com\/sevilla\/producto\/bootcamp-de-asesor-financiero-certificacion-oficial\/\" \/>\n<meta property=\"og:site_name\" content=\"Instituto IBT Sevilla\" \/>\n<meta property=\"article:modified_time\" content=\"2026-03-23T14:42:29+00:00\" \/>\n<meta property=\"og:image\" content=\"https:\/\/institutoibt.com\/sevilla\/wp-content\/uploads\/2026\/03\/logo-productos-8.png\" \/>\n\t<meta property=\"og:image:width\" content=\"400\" \/>\n\t<meta property=\"og:image:height\" content=\"400\" \/>\n\t<meta property=\"og:image:type\" content=\"image\/png\" \/>\n<meta name=\"twitter:card\" content=\"summary_large_image\" \/>\n<meta name=\"twitter:label1\" content=\"Tiempo de lectura\" \/>\n\t<meta name=\"twitter:data1\" content=\"1 minuto\" \/>\n<script type=\"application\/ld+json\" class=\"yoast-schema-graph\">{\"@context\":\"https:\\\/\\\/schema.org\",\"@graph\":[{\"@type\":\"WebPage\",\"@id\":\"https:\\\/\\\/institutoibt.com\\\/sevilla\\\/producto\\\/bootcamp-de-asesor-financiero-certificacion-oficial\\\/\",\"url\":\"https:\\\/\\\/institutoibt.com\\\/sevilla\\\/producto\\\/bootcamp-de-asesor-financiero-certificacion-oficial\\\/\",\"name\":\"BOOTCAMP DE ASESOR FINANCIERO + CERTIFICACI\u00d3N OFICIAL - Instituto IBT Sevilla\",\"isPartOf\":{\"@id\":\"https:\\\/\\\/institutoibt.com\\\/sevilla\\\/#website\"},\"primaryImageOfPage\":{\"@id\":\"https:\\\/\\\/institutoibt.com\\\/sevilla\\\/producto\\\/bootcamp-de-asesor-financiero-certificacion-oficial\\\/#primaryimage\"},\"image\":{\"@id\":\"https:\\\/\\\/institutoibt.com\\\/sevilla\\\/producto\\\/bootcamp-de-asesor-financiero-certificacion-oficial\\\/#primaryimage\"},\"thumbnailUrl\":\"https:\\\/\\\/institutoibt.com\\\/sevilla\\\/wp-content\\\/uploads\\\/2026\\\/03\\\/logo-productos-8.png\",\"datePublished\":\"2026-03-10T11:02:25+00:00\",\"dateModified\":\"2026-03-23T14:42:29+00:00\",\"breadcrumb\":{\"@id\":\"https:\\\/\\\/institutoibt.com\\\/sevilla\\\/producto\\\/bootcamp-de-asesor-financiero-certificacion-oficial\\\/#breadcrumb\"},\"inLanguage\":\"es\",\"potentialAction\":[{\"@type\":\"ReadAction\",\"target\":[\"https:\\\/\\\/institutoibt.com\\\/sevilla\\\/producto\\\/bootcamp-de-asesor-financiero-certificacion-oficial\\\/\"]}]},{\"@type\":\"ImageObject\",\"inLanguage\":\"es\",\"@id\":\"https:\\\/\\\/institutoibt.com\\\/sevilla\\\/producto\\\/bootcamp-de-asesor-financiero-certificacion-oficial\\\/#primaryimage\",\"url\":\"https:\\\/\\\/institutoibt.com\\\/sevilla\\\/wp-content\\\/uploads\\\/2026\\\/03\\\/logo-productos-8.png\",\"contentUrl\":\"https:\\\/\\\/institutoibt.com\\\/sevilla\\\/wp-content\\\/uploads\\\/2026\\\/03\\\/logo-productos-8.png\",\"width\":400,\"height\":400},{\"@type\":\"BreadcrumbList\",\"@id\":\"https:\\\/\\\/institutoibt.com\\\/sevilla\\\/producto\\\/bootcamp-de-asesor-financiero-certificacion-oficial\\\/#breadcrumb\",\"itemListElement\":[{\"@type\":\"ListItem\",\"position\":1,\"name\":\"Portada\",\"item\":\"https:\\\/\\\/institutoibt.com\\\/sevilla\\\/\"},{\"@type\":\"ListItem\",\"position\":2,\"name\":\"Tienda\",\"item\":\"https:\\\/\\\/institutoibt.com\\\/sevilla\\\/tienda\\\/\"},{\"@type\":\"ListItem\",\"position\":3,\"name\":\"BOOTCAMP DE ASESOR FINANCIERO + CERTIFICACI\u00d3N OFICIAL\"}]},{\"@type\":\"WebSite\",\"@id\":\"https:\\\/\\\/institutoibt.com\\\/sevilla\\\/#website\",\"url\":\"https:\\\/\\\/institutoibt.com\\\/sevilla\\\/\",\"name\":\"Instituto IBT Sevilla\",\"description\":\"Curso de Bolsa | Trading | Forex - Trader Profesional\",\"publisher\":{\"@id\":\"https:\\\/\\\/institutoibt.com\\\/sevilla\\\/#organization\"},\"potentialAction\":[{\"@type\":\"SearchAction\",\"target\":{\"@type\":\"EntryPoint\",\"urlTemplate\":\"https:\\\/\\\/institutoibt.com\\\/sevilla\\\/?s={search_term_string}\"},\"query-input\":{\"@type\":\"PropertyValueSpecification\",\"valueRequired\":true,\"valueName\":\"search_term_string\"}}],\"inLanguage\":\"es\"},{\"@type\":\"Organization\",\"@id\":\"https:\\\/\\\/institutoibt.com\\\/sevilla\\\/#organization\",\"name\":\"Instituto IBT Sevilla\",\"url\":\"https:\\\/\\\/institutoibt.com\\\/sevilla\\\/\",\"logo\":{\"@type\":\"ImageObject\",\"inLanguage\":\"es\",\"@id\":\"https:\\\/\\\/institutoibt.com\\\/sevilla\\\/#\\\/schema\\\/logo\\\/image\\\/\",\"url\":\"https:\\\/\\\/institutoibt.com\\\/sevilla\\\/wp-content\\\/uploads\\\/2022\\\/03\\\/Logo-primario-negro-2048x745-1.png\",\"contentUrl\":\"https:\\\/\\\/institutoibt.com\\\/sevilla\\\/wp-content\\\/uploads\\\/2022\\\/03\\\/Logo-primario-negro-2048x745-1.png\",\"width\":2048,\"height\":745,\"caption\":\"Instituto IBT Sevilla\"},\"image\":{\"@id\":\"https:\\\/\\\/institutoibt.com\\\/sevilla\\\/#\\\/schema\\\/logo\\\/image\\\/\"}}]}<\/script>\n<!-- \/ Yoast SEO plugin. -->","yoast_head_json":{"title":"BOOTCAMP DE ASESOR FINANCIERO + CERTIFICACI\u00d3N OFICIAL - Instituto IBT Sevilla","robots":{"index":"index","follow":"follow","max-snippet":"max-snippet:-1","max-image-preview":"max-image-preview:large","max-video-preview":"max-video-preview:-1"},"canonical":"https:\/\/institutoibt.com\/sevilla\/producto\/bootcamp-de-asesor-financiero-certificacion-oficial\/","og_locale":"es_ES","og_type":"article","og_title":"BOOTCAMP DE ASESOR FINANCIERO + CERTIFICACI\u00d3N OFICIAL - Instituto IBT Sevilla","og_description":"Qu\u00e9 incluye: T\u00edtulo Universitario UCAM: Curso Superior Universitario de Asesor Financiero + Certificaci\u00f3n oficial","og_url":"https:\/\/institutoibt.com\/sevilla\/producto\/bootcamp-de-asesor-financiero-certificacion-oficial\/","og_site_name":"Instituto IBT Sevilla","article_modified_time":"2026-03-23T14:42:29+00:00","og_image":[{"width":400,"height":400,"url":"https:\/\/institutoibt.com\/sevilla\/wp-content\/uploads\/2026\/03\/logo-productos-8.png","type":"image\/png"}],"twitter_card":"summary_large_image","twitter_misc":{"Tiempo de lectura":"1 minuto"},"schema":{"@context":"https:\/\/schema.org","@graph":[{"@type":"WebPage","@id":"https:\/\/institutoibt.com\/sevilla\/producto\/bootcamp-de-asesor-financiero-certificacion-oficial\/","url":"https:\/\/institutoibt.com\/sevilla\/producto\/bootcamp-de-asesor-financiero-certificacion-oficial\/","name":"BOOTCAMP DE ASESOR FINANCIERO + CERTIFICACI\u00d3N OFICIAL - Instituto IBT Sevilla","isPartOf":{"@id":"https:\/\/institutoibt.com\/sevilla\/#website"},"primaryImageOfPage":{"@id":"https:\/\/institutoibt.com\/sevilla\/producto\/bootcamp-de-asesor-financiero-certificacion-oficial\/#primaryimage"},"image":{"@id":"https:\/\/institutoibt.com\/sevilla\/producto\/bootcamp-de-asesor-financiero-certificacion-oficial\/#primaryimage"},"thumbnailUrl":"https:\/\/institutoibt.com\/sevilla\/wp-content\/uploads\/2026\/03\/logo-productos-8.png","datePublished":"2026-03-10T11:02:25+00:00","dateModified":"2026-03-23T14:42:29+00:00","breadcrumb":{"@id":"https:\/\/institutoibt.com\/sevilla\/producto\/bootcamp-de-asesor-financiero-certificacion-oficial\/#breadcrumb"},"inLanguage":"es","potentialAction":[{"@type":"ReadAction","target":["https:\/\/institutoibt.com\/sevilla\/producto\/bootcamp-de-asesor-financiero-certificacion-oficial\/"]}]},{"@type":"ImageObject","inLanguage":"es","@id":"https:\/\/institutoibt.com\/sevilla\/producto\/bootcamp-de-asesor-financiero-certificacion-oficial\/#primaryimage","url":"https:\/\/institutoibt.com\/sevilla\/wp-content\/uploads\/2026\/03\/logo-productos-8.png","contentUrl":"https:\/\/institutoibt.com\/sevilla\/wp-content\/uploads\/2026\/03\/logo-productos-8.png","width":400,"height":400},{"@type":"BreadcrumbList","@id":"https:\/\/institutoibt.com\/sevilla\/producto\/bootcamp-de-asesor-financiero-certificacion-oficial\/#breadcrumb","itemListElement":[{"@type":"ListItem","position":1,"name":"Portada","item":"https:\/\/institutoibt.com\/sevilla\/"},{"@type":"ListItem","position":2,"name":"Tienda","item":"https:\/\/institutoibt.com\/sevilla\/tienda\/"},{"@type":"ListItem","position":3,"name":"BOOTCAMP DE ASESOR FINANCIERO + CERTIFICACI\u00d3N OFICIAL"}]},{"@type":"WebSite","@id":"https:\/\/institutoibt.com\/sevilla\/#website","url":"https:\/\/institutoibt.com\/sevilla\/","name":"Instituto IBT Sevilla","description":"Curso de Bolsa | Trading | Forex - Trader Profesional","publisher":{"@id":"https:\/\/institutoibt.com\/sevilla\/#organization"},"potentialAction":[{"@type":"SearchAction","target":{"@type":"EntryPoint","urlTemplate":"https:\/\/institutoibt.com\/sevilla\/?s={search_term_string}"},"query-input":{"@type":"PropertyValueSpecification","valueRequired":true,"valueName":"search_term_string"}}],"inLanguage":"es"},{"@type":"Organization","@id":"https:\/\/institutoibt.com\/sevilla\/#organization","name":"Instituto IBT Sevilla","url":"https:\/\/institutoibt.com\/sevilla\/","logo":{"@type":"ImageObject","inLanguage":"es","@id":"https:\/\/institutoibt.com\/sevilla\/#\/schema\/logo\/image\/","url":"https:\/\/institutoibt.com\/sevilla\/wp-content\/uploads\/2022\/03\/Logo-primario-negro-2048x745-1.png","contentUrl":"https:\/\/institutoibt.com\/sevilla\/wp-content\/uploads\/2022\/03\/Logo-primario-negro-2048x745-1.png","width":2048,"height":745,"caption":"Instituto IBT Sevilla"},"image":{"@id":"https:\/\/institutoibt.com\/sevilla\/#\/schema\/logo\/image\/"}}]}},"_links":{"self":[{"href":"https:\/\/institutoibt.com\/sevilla\/wp-json\/wp\/v2\/product\/7547","targetHints":{"allow":["GET"]}}],"collection":[{"href":"https:\/\/institutoibt.com\/sevilla\/wp-json\/wp\/v2\/product"}],"about":[{"href":"https:\/\/institutoibt.com\/sevilla\/wp-json\/wp\/v2\/types\/product"}],"replies":[{"embeddable":true,"href":"https:\/\/institutoibt.com\/sevilla\/wp-json\/wp\/v2\/comments?post=7547"}],"wp:featuredmedia":[{"embeddable":true,"href":"https:\/\/institutoibt.com\/sevilla\/wp-json\/wp\/v2\/media\/7611"}],"wp:attachment":[{"href":"https:\/\/institutoibt.com\/sevilla\/wp-json\/wp\/v2\/media?parent=7547"}],"wp:term":[{"taxonomy":"product_brand","embeddable":true,"href":"https:\/\/institutoibt.com\/sevilla\/wp-json\/wp\/v2\/product_brand?post=7547"},{"taxonomy":"product_cat","embeddable":true,"href":"https:\/\/institutoibt.com\/sevilla\/wp-json\/wp\/v2\/product_cat?post=7547"},{"taxonomy":"product_tag","embeddable":true,"href":"https:\/\/institutoibt.com\/sevilla\/wp-json\/wp\/v2\/product_tag?post=7547"}],"curies":[{"name":"wp","href":"https:\/\/api.w.org\/{rel}","templated":true}]}}