{"id":35,"date":"2019-01-23T11:06:13","date_gmt":"2019-01-23T11:06:13","guid":{"rendered":"http:\/\/wnlds.es\/wpbase\/?page_id=35"},"modified":"2023-05-31T17:31:19","modified_gmt":"2023-05-31T17:31:19","slug":"politica-de-privacidad","status":"publish","type":"page","link":"https:\/\/institutoibt.com\/sevilla\/politica-de-privacidad\/","title":{"rendered":"Pol\u00edtica de privacidad"},"content":{"rendered":"\t\t<div data-elementor-type=\"wp-post\" data-elementor-id=\"35\" class=\"elementor elementor-35\" data-elementor-post-type=\"page\">\n\t\t\t\t\t\t<section class=\"elementor-section elementor-top-section elementor-element elementor-element-4b4bbfab elementor-section-boxed elementor-section-height-default elementor-section-height-default\" data-id=\"4b4bbfab\" data-element_type=\"section\" data-e-type=\"section\">\n\t\t\t\t\t\t<div class=\"elementor-container elementor-column-gap-default\">\n\t\t\t\t\t<div class=\"elementor-column elementor-col-100 elementor-top-column elementor-element elementor-element-19e72baa\" data-id=\"19e72baa\" data-element_type=\"column\" data-e-type=\"column\">\n\t\t\t<div class=\"elementor-widget-wrap elementor-element-populated\">\n\t\t\t\t\t\t<div class=\"elementor-element elementor-element-c02c470 elementor-widget elementor-widget-heading\" data-id=\"c02c470\" data-element_type=\"widget\" data-e-type=\"widget\" data-widget_type=\"heading.default\">\n\t\t\t\t<div class=\"elementor-widget-container\">\n\t\t\t\t\t<h1 class=\"elementor-heading-title elementor-size-default\">Pol\u00edtica de privacidad<\/h1>\t\t\t\t<\/div>\n\t\t\t\t<\/div>\n\t\t\t\t<div class=\"elementor-element elementor-element-4a851d57 elementor-widget elementor-widget-text-editor\" data-id=\"4a851d57\" data-element_type=\"widget\" data-e-type=\"widget\" data-widget_type=\"text-editor.default\">\n\t\t\t\t<div class=\"elementor-widget-container\">\n\t\t\t\t\t\t\t\t\t<h4><strong>1.&nbsp; <\/strong><strong>RESPONSABLE<\/strong><\/h4>\n<ol>\n<li><strong>Datos de contacto del Responsable<\/strong><\/li>\n<p>El responsable de los datos recabados mediante esta web es SCIENTIA SYSTEMS, S.L. con direcci\u00f3n C\/ASTRONOM\u00cdA, PARQUE EMPRESARIAL TORNEO, TORRE 2, PLANTA 10, M\u00d3DULO 5, 41015, SEVILLA<\/p>\n<p>(SEVILLA) Y CIF B90139304. Usted podr\u00e1 contactar con el responsable mediante el siguiente Email <a href=\"mailto:admin@institutoibt.com\">admin@institutoibt.com <\/a>o en el tel\u00e9fono 648552205<\/p>\n<p><br><\/p>\n<li><strong><\/strong><strong>Identidad y datos de contacto del representante<\/strong><\/li>\n<p>ANA MARIA LARA BOCANEGRA<\/p>\n<\/ol>\n<h4><strong>2.&nbsp;FINALIDAD<\/strong><\/h4>\n<ol>\n<li><strong>Descripci\u00f3n ampliada de los fines del tratamiento<\/strong><\/li>\n<p>Publicidad y prospecci\u00f3n comercial<\/p>\n<p>Gesti\u00f3n de clientes, contable, fiscal y administrativa Comercio electr\u00f3nico<\/p>\n<p>Gesti\u00f3n de solicitudes<\/p>\n<li><strong>Plazos o criterios de conservaci\u00f3n de los datos<\/strong><\/li>\n<p>Conservaremos los datos durante el tiempo que sea necesario para atender la solicitud y cumplir con las obligaciones legales exigidas.<\/p>\n<p>Los datos que usted nos ha facilitado ser\u00e1n conservados mientras sean necesarios para las finalidades indicadas en el punto 2.A., o tambi\u00e9n ser\u00e1n almacenadas por el tiempo exigido por distintas legislaciones aplicables.<\/p>\n<li><strong>Decisiones automatizadas, perfiles y l\u00f3gica aplicada<\/strong><\/li>\n<p>Los datos recogidos mediante la p\u00e1gina web no ser\u00e1n utilizados para tomar decisiones automatizadas.<\/p><p><br><\/p>\n<\/ol>\n<h4><strong>3.&nbsp; <\/strong><strong>LEGITIMACION<\/strong><\/h4>\n<ol>\n<li><strong>Legislaci\u00f3n aplicable<\/strong><\/li>\n\n<p>La legislaci\u00f3n aplicada es el Reglamento General de Protecci\u00f3n de Datos 2016\/679 de 27 de abril de 2016 as\u00ed como la Ley Org\u00e1nica 3\/2018, de 5 de diciembre, de Protecci\u00f3n de Datos Personales y garant\u00eda de los derechos digitales.<\/p>\n<li><strong>Detalles de la base jur\u00eddica del tratamiento, en los casos de obligaci\u00f3n legal, inter\u00e9s p\u00fablico o inter\u00e9s p\u00fablico o inter\u00e9s leg\u00edtimo<\/strong><\/li>\n<p>Art. 6, apartado 1 letra a. Que considera el consentimiento del interesado como una base leg\u00edtima para el tratamiento de datos personales contenidos en este fichero.<\/p>\n<p>Art. 6, apartado 1 letra b. Que considera la ejecuci\u00f3n de un contrato como una base leg\u00edtima para el tratamiento de datos personales contenidos en este fichero.<\/p>\n<li><strong>Obligaci\u00f3n o no de facilitar datos y consecuencias de no hacerlo<\/strong><\/li>\n<p>No est\u00e1 obligado a facilitarnos los datos, sin embargo, ser\u00e1 necesario para poder gestionar las sugerencias o peticiones que necesite hacernos mediante la p\u00e1gina web.<\/p>\n<\/ol>\n<h4><strong>4.&nbsp; <\/strong><strong>DESTINATARIOS<\/strong><\/h4>\n<ol>\n<li><strong>Destinatarios<\/strong><\/li>\n\n<p>Organizaciones o personas directamente relacionadas con la empresa, Administraci\u00f3n p\u00fablica con competencia en la materia<\/p>\n<li><strong>Destinatarios espec\u00edficos<\/strong><\/li>\n<p>Es posible que encargados de tratamiento puedan acceder a los datos facilitados mediante esta p\u00e1gina web por el ejercicio de sus funciones de mantenimiento.<\/p>\n<p>Los datos de los usuarios de la p\u00e1gina web pueden ser cedidos a la empresas del grupo o nuestros colaboradores.<\/p>\n<li><strong>Decisiones de adecuaci\u00f3n, garant\u00edas, normas corporativas vinculantes o situaciones espec\u00edficas aplicables<\/strong><\/li>\n<p>No existen.<\/p>\n<li><strong>D.&nbsp;&nbsp; <\/strong><strong>Transferencias internacionales<\/strong><\/il>\n<p>No existen<\/p>\n<p><br><\/p><\/ol>\n<h4><strong>5.&nbsp; <\/strong><strong>DERECHOS<\/strong><\/h4>\n<ol>\n<li><strong>C\u00f3mo ejercer los derechos de acceso, rectificaci\u00f3n, supresi\u00f3n y portabilidad de sus datos, y la limitaci\u00f3n u oposici\u00f3n a su tratamiento<\/strong><\/li>\n<p>El interesado podr\u00e1 conocer, modificar, o eliminar los datos que la empresa posea acerca de su persona mediante correo electr\u00f3nico facilitando su DNI o bien por correo postal a C\/ASTRONOM\u00cdA, PARQUE EMPRESARIAL TORNEO, TORRE 2, PLANTA 10, M\u00d3DULO 5, 41015, SEVILLA (SEVILLA). El<\/p>\n<p>interesado podr\u00e1 transferir sus datos a otra entidad o bien limitar los ya existentes que la empresa posea acerca de su persona mediante correo electr\u00f3nico facilitando su DNI o bien por correo postal a C\/ASTRONOM\u00cdA, PARQUE EMPRESARIAL TORNEO, TORRE 2, PLANTA 10, M\u00d3DULO 5, 41015, SEVILLA (SEVILLA).<\/p>\n<li><strong>Derecho a retirar el Consentimiento prestado<\/strong>\n<p>El interesado podr\u00e1 retirar los datos que la empresa posee acerca de su persona mediante correo electr\u00f3nico facilitando su DNI o bien por correo postal a C\/ASTRONOM\u00cdA, PARQUE EMPRESARIAL TORNEO, TORRE 2, PLANTA 10, M\u00d3DULO 5, 41015, SEVILLA (SEVILLA).<\/p><\/li>\n<li><strong>Derecho a reclamar ante la Autoridad de Control<\/strong><\/li>\n<p>El interesado podr\u00e1 reclamar ante la Agencia Espa\u00f1ola de Protecci\u00f3n de Datos acerca de toda incidencia que pueda surgirle.<\/p>\n<\/ol>\n<h4><strong>6.&nbsp; <\/strong><strong>PROCEDENCIA<\/strong><\/h4>\n<ol>\n<li><strong>Informaci\u00f3n detallada del origen de los datos<\/strong><\/li>\n<p>Facilitados por el propio interesado<\/p>\n<li><strong>Categor\u00edas de datos que se tratan<\/strong><\/h4>\n<p>Nombre y Apellidos Tel\u00e9fono<\/p>\n<p>Email NIF\/DNI\/NIE<\/p>\n<p>Direcci\u00f3n<\/p>\n<p>Datos econ\u00f3micos<\/p>\n<\/ol>\t\t\t\t\t\t\t\t<\/div>\n\t\t\t\t<\/div>\n\t\t\t\t\t<\/div>\n\t\t<\/div>\n\t\t\t\t\t<\/div>\n\t\t<\/section>\n\t\t\t\t<\/div>\n\t\t","protected":false},"excerpt":{"rendered":"<p>Pol\u00edtica de privacidad 1.&nbsp; RESPONSABLE Datos de contacto del Responsable El responsable de los datos recabados mediante esta web es SCIENTIA SYSTEMS, S.L. con direcci\u00f3n C\/ASTRONOM\u00cdA, PARQUE EMPRESARIAL TORNEO, TORRE 2, PLANTA 10, M\u00d3DULO 5, 41015, SEVILLA (SEVILLA) Y CIF B90139304. Usted podr\u00e1 contactar con el responsable mediante el siguiente Email admin@institutoibt.com o en el &#8230; <a title=\"Pol\u00edtica de privacidad\" class=\"read-more\" href=\"https:\/\/institutoibt.com\/sevilla\/politica-de-privacidad\/\" aria-label=\"Leer m\u00e1s sobre Pol\u00edtica de privacidad\">Leer m\u00e1s<\/a><\/p>\n","protected":false},"author":10,"featured_media":0,"parent":0,"menu_order":0,"comment_status":"closed","ping_status":"closed","template":"","meta":{"_joinchat":[],"footnotes":""},"class_list":["post-35","page","type-page","status-publish"],"yoast_head":"<!-- This site is optimized with the Yoast SEO plugin v27.3 - https:\/\/yoast.com\/product\/yoast-seo-wordpress\/ -->\n<title>Pol\u00edtica de privacidad - Instituto IBT Sevilla<\/title>\n<meta name=\"robots\" content=\"noindex, nofollow\" \/>\n<meta property=\"og:locale\" content=\"es_ES\" \/>\n<meta property=\"og:type\" content=\"article\" \/>\n<meta property=\"og:title\" content=\"Pol\u00edtica de privacidad - Instituto IBT Sevilla\" \/>\n<meta property=\"og:description\" content=\"Pol\u00edtica de privacidad 1.&nbsp; RESPONSABLE Datos de contacto del Responsable El responsable de los datos recabados mediante esta web es SCIENTIA SYSTEMS, S.L. con direcci\u00f3n C\/ASTRONOM\u00cdA, PARQUE EMPRESARIAL TORNEO, TORRE 2, PLANTA 10, M\u00d3DULO 5, 41015, SEVILLA (SEVILLA) Y CIF B90139304. Usted podr\u00e1 contactar con el responsable mediante el siguiente Email admin@institutoibt.com o en el ... Leer m\u00e1s\" \/>\n<meta property=\"og:url\" content=\"https:\/\/institutoibt.com\/sevilla\/politica-de-privacidad\/\" \/>\n<meta property=\"og:site_name\" content=\"Instituto IBT Sevilla\" \/>\n<meta property=\"article:modified_time\" content=\"2023-05-31T17:31:19+00:00\" \/>\n<meta name=\"twitter:card\" content=\"summary_large_image\" \/>\n<meta name=\"twitter:label1\" content=\"Tiempo de lectura\" \/>\n\t<meta name=\"twitter:data1\" content=\"3 minutos\" \/>\n<script type=\"application\/ld+json\" class=\"yoast-schema-graph\">{\"@context\":\"https:\\\/\\\/schema.org\",\"@graph\":[{\"@type\":\"WebPage\",\"@id\":\"https:\\\/\\\/institutoibt.com\\\/sevilla\\\/politica-de-privacidad\\\/\",\"url\":\"https:\\\/\\\/institutoibt.com\\\/sevilla\\\/politica-de-privacidad\\\/\",\"name\":\"Pol\u00edtica de privacidad - Instituto IBT Sevilla\",\"isPartOf\":{\"@id\":\"https:\\\/\\\/institutoibt.com\\\/sevilla\\\/#website\"},\"datePublished\":\"2019-01-23T11:06:13+00:00\",\"dateModified\":\"2023-05-31T17:31:19+00:00\",\"breadcrumb\":{\"@id\":\"https:\\\/\\\/institutoibt.com\\\/sevilla\\\/politica-de-privacidad\\\/#breadcrumb\"},\"inLanguage\":\"es\",\"potentialAction\":[{\"@type\":\"ReadAction\",\"target\":[\"https:\\\/\\\/institutoibt.com\\\/sevilla\\\/politica-de-privacidad\\\/\"]}]},{\"@type\":\"BreadcrumbList\",\"@id\":\"https:\\\/\\\/institutoibt.com\\\/sevilla\\\/politica-de-privacidad\\\/#breadcrumb\",\"itemListElement\":[{\"@type\":\"ListItem\",\"position\":1,\"name\":\"Portada\",\"item\":\"https:\\\/\\\/institutoibt.com\\\/sevilla\\\/\"},{\"@type\":\"ListItem\",\"position\":2,\"name\":\"Pol\u00edtica de privacidad\"}]},{\"@type\":\"WebSite\",\"@id\":\"https:\\\/\\\/institutoibt.com\\\/sevilla\\\/#website\",\"url\":\"https:\\\/\\\/institutoibt.com\\\/sevilla\\\/\",\"name\":\"Instituto IBT Sevilla\",\"description\":\"Curso de Bolsa | Trading | Forex - Trader Profesional\",\"publisher\":{\"@id\":\"https:\\\/\\\/institutoibt.com\\\/sevilla\\\/#organization\"},\"potentialAction\":[{\"@type\":\"SearchAction\",\"target\":{\"@type\":\"EntryPoint\",\"urlTemplate\":\"https:\\\/\\\/institutoibt.com\\\/sevilla\\\/?s={search_term_string}\"},\"query-input\":{\"@type\":\"PropertyValueSpecification\",\"valueRequired\":true,\"valueName\":\"search_term_string\"}}],\"inLanguage\":\"es\"},{\"@type\":\"Organization\",\"@id\":\"https:\\\/\\\/institutoibt.com\\\/sevilla\\\/#organization\",\"name\":\"Instituto IBT Sevilla\",\"url\":\"https:\\\/\\\/institutoibt.com\\\/sevilla\\\/\",\"logo\":{\"@type\":\"ImageObject\",\"inLanguage\":\"es\",\"@id\":\"https:\\\/\\\/institutoibt.com\\\/sevilla\\\/#\\\/schema\\\/logo\\\/image\\\/\",\"url\":\"https:\\\/\\\/institutoibt.com\\\/sevilla\\\/wp-content\\\/uploads\\\/2022\\\/03\\\/Logo-primario-negro-2048x745-1.png\",\"contentUrl\":\"https:\\\/\\\/institutoibt.com\\\/sevilla\\\/wp-content\\\/uploads\\\/2022\\\/03\\\/Logo-primario-negro-2048x745-1.png\",\"width\":2048,\"height\":745,\"caption\":\"Instituto IBT Sevilla\"},\"image\":{\"@id\":\"https:\\\/\\\/institutoibt.com\\\/sevilla\\\/#\\\/schema\\\/logo\\\/image\\\/\"}}]}<\/script>\n<!-- \/ Yoast SEO plugin. -->","yoast_head_json":{"title":"Pol\u00edtica de privacidad - Instituto IBT Sevilla","robots":{"index":"noindex","follow":"nofollow"},"og_locale":"es_ES","og_type":"article","og_title":"Pol\u00edtica de privacidad - Instituto IBT Sevilla","og_description":"Pol\u00edtica de privacidad 1.&nbsp; RESPONSABLE Datos de contacto del Responsable El responsable de los datos recabados mediante esta web es SCIENTIA SYSTEMS, S.L. con direcci\u00f3n C\/ASTRONOM\u00cdA, PARQUE EMPRESARIAL TORNEO, TORRE 2, PLANTA 10, M\u00d3DULO 5, 41015, SEVILLA (SEVILLA) Y CIF B90139304. Usted podr\u00e1 contactar con el responsable mediante el siguiente Email admin@institutoibt.com o en el ... Leer m\u00e1s","og_url":"https:\/\/institutoibt.com\/sevilla\/politica-de-privacidad\/","og_site_name":"Instituto IBT Sevilla","article_modified_time":"2023-05-31T17:31:19+00:00","twitter_card":"summary_large_image","twitter_misc":{"Tiempo de lectura":"3 minutos"},"schema":{"@context":"https:\/\/schema.org","@graph":[{"@type":"WebPage","@id":"https:\/\/institutoibt.com\/sevilla\/politica-de-privacidad\/","url":"https:\/\/institutoibt.com\/sevilla\/politica-de-privacidad\/","name":"Pol\u00edtica de privacidad - Instituto IBT Sevilla","isPartOf":{"@id":"https:\/\/institutoibt.com\/sevilla\/#website"},"datePublished":"2019-01-23T11:06:13+00:00","dateModified":"2023-05-31T17:31:19+00:00","breadcrumb":{"@id":"https:\/\/institutoibt.com\/sevilla\/politica-de-privacidad\/#breadcrumb"},"inLanguage":"es","potentialAction":[{"@type":"ReadAction","target":["https:\/\/institutoibt.com\/sevilla\/politica-de-privacidad\/"]}]},{"@type":"BreadcrumbList","@id":"https:\/\/institutoibt.com\/sevilla\/politica-de-privacidad\/#breadcrumb","itemListElement":[{"@type":"ListItem","position":1,"name":"Portada","item":"https:\/\/institutoibt.com\/sevilla\/"},{"@type":"ListItem","position":2,"name":"Pol\u00edtica de privacidad"}]},{"@type":"WebSite","@id":"https:\/\/institutoibt.com\/sevilla\/#website","url":"https:\/\/institutoibt.com\/sevilla\/","name":"Instituto IBT Sevilla","description":"Curso de Bolsa | Trading | Forex - Trader Profesional","publisher":{"@id":"https:\/\/institutoibt.com\/sevilla\/#organization"},"potentialAction":[{"@type":"SearchAction","target":{"@type":"EntryPoint","urlTemplate":"https:\/\/institutoibt.com\/sevilla\/?s={search_term_string}"},"query-input":{"@type":"PropertyValueSpecification","valueRequired":true,"valueName":"search_term_string"}}],"inLanguage":"es"},{"@type":"Organization","@id":"https:\/\/institutoibt.com\/sevilla\/#organization","name":"Instituto IBT Sevilla","url":"https:\/\/institutoibt.com\/sevilla\/","logo":{"@type":"ImageObject","inLanguage":"es","@id":"https:\/\/institutoibt.com\/sevilla\/#\/schema\/logo\/image\/","url":"https:\/\/institutoibt.com\/sevilla\/wp-content\/uploads\/2022\/03\/Logo-primario-negro-2048x745-1.png","contentUrl":"https:\/\/institutoibt.com\/sevilla\/wp-content\/uploads\/2022\/03\/Logo-primario-negro-2048x745-1.png","width":2048,"height":745,"caption":"Instituto IBT Sevilla"},"image":{"@id":"https:\/\/institutoibt.com\/sevilla\/#\/schema\/logo\/image\/"}}]}},"_links":{"self":[{"href":"https:\/\/institutoibt.com\/sevilla\/wp-json\/wp\/v2\/pages\/35","targetHints":{"allow":["GET"]}}],"collection":[{"href":"https:\/\/institutoibt.com\/sevilla\/wp-json\/wp\/v2\/pages"}],"about":[{"href":"https:\/\/institutoibt.com\/sevilla\/wp-json\/wp\/v2\/types\/page"}],"author":[{"embeddable":true,"href":"https:\/\/institutoibt.com\/sevilla\/wp-json\/wp\/v2\/users\/10"}],"replies":[{"embeddable":true,"href":"https:\/\/institutoibt.com\/sevilla\/wp-json\/wp\/v2\/comments?post=35"}],"version-history":[{"count":18,"href":"https:\/\/institutoibt.com\/sevilla\/wp-json\/wp\/v2\/pages\/35\/revisions"}],"predecessor-version":[{"id":6388,"href":"https:\/\/institutoibt.com\/sevilla\/wp-json\/wp\/v2\/pages\/35\/revisions\/6388"}],"wp:attachment":[{"href":"https:\/\/institutoibt.com\/sevilla\/wp-json\/wp\/v2\/media?parent=35"}],"curies":[{"name":"wp","href":"https:\/\/api.w.org\/{rel}","templated":true}]}}